{"id":5986,"date":"2025-04-14T10:26:01","date_gmt":"2025-04-14T10:26:01","guid":{"rendered":"https:\/\/timeapp.law\/webinars\/"},"modified":"2025-04-14T12:46:39","modified_gmt":"2025-04-14T12:46:39","slug":"webinars","status":"publish","type":"page","link":"https:\/\/timeapp.law\/en\/webinars\/","title":{"rendered":"Webbinarium"},"content":{"rendered":"\n\n<section class=\"section webinars-grid\">\n    <div class=\"container\">\n\n        \n                <!-- Upcoming Webinars -->\n            <div class=\"webinars-list__wrapper\">\n                <h2 class=\"heading-3\">Upcoming webinars<\/h2>\n                <div class=\"webinars-list\">\n\n                                    <div class=\"webinar-card__wrapper\">\n                        \n\n<div class=\"webinar-card card\">\n    <div class=\"webinar-image\">\n        <img loading=\"lazy\" decoding=\"async\" width=\"300\" height=\"200\" src=\"https:\/\/timeapp.law\/wp-content\/uploads\/2025\/04\/c0b6cccbd7583f82250ae0b0cd59b1ab-300x200.jpeg\" class=\"attachment-medium size-medium wp-post-image\" alt=\"\" srcset=\"https:\/\/timeapp.law\/wp-content\/uploads\/2025\/04\/c0b6cccbd7583f82250ae0b0cd59b1ab-300x200.jpeg 300w, https:\/\/timeapp.law\/wp-content\/uploads\/2025\/04\/c0b6cccbd7583f82250ae0b0cd59b1ab-1024x683.jpeg 1024w, https:\/\/timeapp.law\/wp-content\/uploads\/2025\/04\/c0b6cccbd7583f82250ae0b0cd59b1ab-768x512.jpeg 768w, https:\/\/timeapp.law\/wp-content\/uploads\/2025\/04\/c0b6cccbd7583f82250ae0b0cd59b1ab-1536x1024.jpeg 1536w, https:\/\/timeapp.law\/wp-content\/uploads\/2025\/04\/c0b6cccbd7583f82250ae0b0cd59b1ab-2048x1365.jpeg 2048w\" sizes=\"auto, (max-width: 300px) 100vw, 300px\" \/>                    <div class=\"webinar-card__status\">\n                Upcoming            <\/div>\n            <\/div>\n    <div class=\"webinar-content\">\n        <h3 class=\"heading-5\">Juridisk dokumentation i den digitala eran<\/h3>\n\n        \n            <ul class=\"webinar-details\">\n\n                                    \n                <li class=\"date webinar-details__item\">\n                    <svg width=\"17\" height=\"17\" viewBox=\"0 0 17 17\" fill=\"none\" xmlns=\"http:\/\/www.w3.org\/2000\/svg\">\n                            <g clip-path=\"url(#clip0_2155_2552)\">\n                            <path d=\"M5.8916 1.71729V4.38395\" stroke=\"#009ECA\" stroke-width=\"1.33333\" stroke-linecap=\"round\" stroke-linejoin=\"round\"\/>\n                            <path d=\"M11.2256 1.71729V4.38395\" stroke=\"#009ECA\" stroke-width=\"1.33333\" stroke-linecap=\"round\" stroke-linejoin=\"round\"\/>\n                            <path d=\"M13.2253 3.05078H3.89193C3.15555 3.05078 2.55859 3.64773 2.55859 4.38411V13.7174C2.55859 14.4538 3.15555 15.0508 3.89193 15.0508H13.2253C13.9616 15.0508 14.5586 14.4538 14.5586 13.7174V4.38411C14.5586 3.64773 13.9616 3.05078 13.2253 3.05078Z\" stroke=\"#009ECA\" stroke-width=\"1.33333\" stroke-linecap=\"round\" stroke-linejoin=\"round\"\/>\n                            <path d=\"M2.55859 7.05078H14.5586\" stroke=\"#009ECA\" stroke-width=\"1.33333\" stroke-linecap=\"round\" stroke-linejoin=\"round\"\/>\n                            <\/g>\n                            <defs>\n                            <clipPath id=\"clip0_2155_2552\">\n                                        <rect width=\"16\" height=\"16\" fill=\"white\" transform=\"translate(0.558594 0.384033)\"\/>\n                                                        <\/clipPath>\n                        <\/defs>\n                    <\/svg>\n\n                    N\/A\n                    \n                <\/li>\n                <li class=\"time webinar-details__item\">\n                    <svg width=\"17\" height=\"17\" viewBox=\"0 0 17 17\" fill=\"none\" xmlns=\"http:\/\/www.w3.org\/2000\/svg\">\n                        <g clip-path=\"url(#clip0_2155_2558)\">\n                        <path d=\"M8.55827 15.0506C12.2402 15.0506 15.2249 12.0659 15.2249 8.38395C15.2249 4.70205 12.2402 1.71729 8.55827 1.71729C4.87637 1.71729 1.8916 4.70205 1.8916 8.38395C1.8916 12.0659 4.87637 15.0506 8.55827 15.0506Z\" stroke=\"#009ECA\" stroke-width=\"1.33333\" stroke-linecap=\"round\" stroke-linejoin=\"round\"\/>\n                        <path d=\"M8.55859 4.38403V8.38403L11.2253 9.71737\" stroke=\"#009ECA\" stroke-width=\"1.33333\" stroke-linecap=\"round\" stroke-linejoin=\"round\"\/>\n                        <\/g>\n                        <defs>\n                        <clipPath id=\"clip0_2155_2558\">\n                        <rect width=\"16\" height=\"16\" fill=\"white\" transform=\"translate(0.558594 0.384033)\"\/>\n                        <\/clipPath>\n                        <\/defs>\n                    <\/svg>\n\n\n                    N\/A\n                                            &#8211; \n                        N\/A                                    <\/li>\n\n                \n                                    <li class=\"webinar-speakers webinar-details__item\">\n                        <svg width=\"17\" height=\"17\" viewBox=\"0 0 17 17\" fill=\"none\" xmlns=\"http:\/\/www.w3.org\/2000\/svg\">\n                            <g clip-path=\"url(#clip0_2155_2564)\">\n                            <path d=\"M13.2249 14.384V13.0507C13.2249 12.3435 12.944 11.6652 12.4439 11.1651C11.9438 10.665 11.2655 10.384 10.5583 10.384H6.55827C5.85102 10.384 5.17275 10.665 4.67265 11.1651C4.17255 11.6652 3.8916 12.3435 3.8916 13.0507V14.384\" stroke=\"#009ECA\" stroke-width=\"1.33333\" stroke-linecap=\"round\" stroke-linejoin=\"round\"\/>\n                            <path d=\"M8.55827 7.71737C10.031 7.71737 11.2249 6.52346 11.2249 5.0507C11.2249 3.57794 10.031 2.38403 8.55827 2.38403C7.08551 2.38403 5.8916 3.57794 5.8916 5.0507C5.8916 6.52346 7.08551 7.71737 8.55827 7.71737Z\" stroke=\"#009ECA\" stroke-width=\"1.33333\" stroke-linecap=\"round\" stroke-linejoin=\"round\"\/>\n                            <\/g>\n                            <defs>\n                            <clipPath id=\"clip0_2155_2564\">\n                            <rect width=\"16\" height=\"16\" fill=\"white\" transform=\"translate(0.558594 0.384033)\"\/>\n                            <\/clipPath>\n                            <\/defs>\n                        <\/svg>\n\n                        Elmer T\u00f6rnquist, Jane Smith, Esq. ( fake )                    <\/li>\n                \n            <\/ul>\n\n        \n           \n            <div class=\"webinar-description\">\n                Strategies to improve billing accuracy, increase\r\ncollection rates, and maintain positive client\r\nrelationships.            <\/div>\n        \n\n                    <a class=\"info-card__btn btn btn--dark\" href=\"https:\/\/timeapp.law\/event-upptack-timeapp-law\/\">Register Now<\/a>\n            <\/div>\n<\/div>                     <\/div>\n                                <\/div>\n\n            <\/div>\n        \n        \n                    <div class=\"webinars-grid__cta\">\n                <div class=\"webinars-grid__cta-content\">\n                    <p>Don&#8217;t see the webinar you&#8217;re looking for?<\/p>\n                <\/div>\n                <a href=\"mailto:info@timeapp.law\" class=\"btn btn--arrow btn--transparent-inverted\">Contact us<\/a>\n            <\/div>\n            <\/div>\n<\/section>\n\n\n\n\n\n<section class=\"footer-form\" id=\"demonstaration\">\n    <div class=\"footer-form__container\">\n            <div class=\"footer-form__content slide-right-element\">\n                                    <h3 class=\"footer-form__title heading-3\"><p>Nyfiken p\u00e5 \u2028TimeApp Law?<\/p>\n<\/h3>\n                                                    <div class=\"footer-form__text\"><p>Fyll i formul\u00e4ret s\u00e5 kontaktar vi dig snarast. Under tiden kan du enkelt skapa ett testkonto eller boka en tid f\u00f6r en snabbdemo p\u00e5 en tid som passar dig.<\/p>\n<\/div>\n                                <div class=\"footer-form__btns\">\n                                            <a href=\"https:\/\/timeapp-law.youcanbook.me\/\" class=\"footer-form__btn btn btn--arrow btn--transparent-black\" target=\"_blank\" rel=\"noopener\">\n                            Boka snabbdemo                        <\/a>\n                                                                <a href=\"\/#prices3\" class=\"footer-form__btn btn btn--dark \">\n                            Testa kostnadsfritt                        <\/a>\n                                    <\/div>\n            <\/div>\n            <div class=\"footer-form__wrapper slide-left-element\">\n                <div class=\"form form--dark\">\n                    <h3 class=\"form__title\">\n                        Jag vill bli kontaktad f\u00f6r att h\u00f6ra hur TimeApp Law kan hj\u00e4lpa mitt f\u00f6retag.                    <\/h3>\n                    <div class=\"form__body\">\n                        <script type=\"text\/javascript\">var gform;gform||(document.addEventListener(\"gform_main_scripts_loaded\",function(){gform.scriptsLoaded=!0}),window.addEventListener(\"DOMContentLoaded\",function(){gform.domLoaded=!0}),gform={domLoaded:!1,scriptsLoaded:!1,initializeOnLoaded:function(o){gform.domLoaded&&gform.scriptsLoaded?o():!gform.domLoaded&&gform.scriptsLoaded?window.addEventListener(\"DOMContentLoaded\",o):document.addEventListener(\"gform_main_scripts_loaded\",o)},hooks:{action:{},filter:{}},addAction:function(o,n,r,t){gform.addHook(\"action\",o,n,r,t)},addFilter:function(o,n,r,t){gform.addHook(\"filter\",o,n,r,t)},doAction:function(o){gform.doHook(\"action\",o,arguments)},applyFilters:function(o){return gform.doHook(\"filter\",o,arguments)},removeAction:function(o,n){gform.removeHook(\"action\",o,n)},removeFilter:function(o,n,r){gform.removeHook(\"filter\",o,n,r)},addHook:function(o,n,r,t,i){null==gform.hooks[o][n]&&(gform.hooks[o][n]=[]);var e=gform.hooks[o][n];null==i&&(i=n+\"_\"+e.length),gform.hooks[o][n].push({tag:i,callable:r,priority:t=null==t?10:t})},doHook:function(n,o,r){var t;if(r=Array.prototype.slice.call(r,1),null!=gform.hooks[n][o]&&((o=gform.hooks[n][o]).sort(function(o,n){return o.priority-n.priority}),o.forEach(function(o){\"function\"!=typeof(t=o.callable)&&(t=window[t]),\"action\"==n?t.apply(null,r):r[0]=t.apply(null,r)})),\"filter\"==n)return r[0]},removeHook:function(o,n,t,i){var r;null!=gform.hooks[o][n]&&(r=(r=gform.hooks[o][n]).filter(function(o,n,r){return!!(null!=i&&i!=o.tag||null!=t&&t!=o.priority)}),gform.hooks[o][n]=r)}});<\/script>\n                <div class='gf_browser_gecko gform_wrapper gravity-theme gform-theme--no-framework' data-form-theme='gravity-theme' data-form-index='0' id='gform_wrapper_1' ><div id='gf_1' class='gform_anchor' tabindex='-1'><\/div>\n                        <div class='gform_heading'>\n                            <h2 class=\"gform_title\">Contact form<\/h2>\n                            <p class='gform_description'><\/p>\n                        <\/div><form method='post' enctype='multipart\/form-data' target='gform_ajax_frame_1' id='gform_1'  action='\/en\/wp-json\/wp\/v2\/pages\/5986#gf_1' data-formid='1' novalidate><div class='gf_invisible ginput_recaptchav3' data-sitekey='6LcJkYIqAAAAAJEpAtqsS95URI3Z2vkv1dD2t0at' data-tabindex='0'><input id=\"input_b5f4372a222556ea11444a1afd348ef2\" class=\"gfield_recaptcha_response\" type=\"hidden\" name=\"input_b5f4372a222556ea11444a1afd348ef2\" value=\"\"\/><\/div>\n                        <div class='gform-body gform_body'><div id='gform_fields_1' class='gform_fields top_label form_sublabel_below description_below'><div id=\"field_1_8\"  class=\"gfield gfield--type-html gfield--width-full gfield_html gfield_html_formatted gfield_no_follows_desc field_sublabel_below gfield--no-description field_description_below gfield_visibility_visible\"  data-js-reload=\"field_1_8\"><p class=\"form__title\">I would like to be contacted to hear how TimeApp Law can help my business.<\/p><\/div><div id=\"field_1_1\"  class=\"gfield gfield--type-text gfield_contains_required field_sublabel_below gfield--no-description field_description_below hidden_label gfield_visibility_visible\"  data-js-reload=\"field_1_1\"><label class='gfield_label gform-field-label' for='input_1_1' >Name<span class=\"gfield_required\"><span class=\"gfield_required gfield_required_text\">(Required)<\/span><\/span><\/label><div class='ginput_container ginput_container_text'><input name='input_1' id='input_1_1' type='text' value='' class='large'    placeholder='Your name' aria-required=\"true\" aria-invalid=\"false\"   \/> <\/div><\/div><div id=\"field_1_4\"  class=\"gfield gfield--type-email gfield_contains_required field_sublabel_below gfield--no-description field_description_below hidden_label gfield_visibility_visible\"  data-js-reload=\"field_1_4\"><label class='gfield_label gform-field-label' for='input_1_4' >E-mail address<span class=\"gfield_required\"><span class=\"gfield_required gfield_required_text\">(Required)<\/span><\/span><\/label><div class='ginput_container ginput_container_email'>\n                            <input name='input_4' id='input_1_4' type='email' value='' class='large'   placeholder='E-mail address' aria-required=\"true\" aria-invalid=\"false\"  \/>\n                        <\/div><\/div><div id=\"field_1_5\"  class=\"gfield gfield--type-text field_sublabel_below gfield--no-description field_description_below hidden_label gfield_visibility_visible\"  data-js-reload=\"field_1_5\"><label class='gfield_label gform-field-label' for='input_1_5' >Telephone number<\/label><div class='ginput_container ginput_container_text'><input name='input_5' id='input_1_5' type='text' value='' class='large'    placeholder='Telephone (optional)'  aria-invalid=\"false\"   \/> <\/div><\/div><div id=\"field_1_6\"  class=\"gfield gfield--type-textarea field_sublabel_below gfield--no-description field_description_below hidden_label gfield_visibility_visible\"  data-js-reload=\"field_1_6\"><label class='gfield_label gform-field-label' for='input_1_6' >Message<\/label><div class='ginput_container ginput_container_textarea'><textarea name='input_6' id='input_1_6' class='textarea medium'    placeholder='Your message (optional)'  aria-invalid=\"false\"   rows='10' cols='50'><\/textarea><\/div><\/div><\/div><\/div>\n        <div class='gform_footer before'> <input type='submit' id='gform_submit_button_1' class='gform_button button gform-button--width-full' value='Contact me'  onclick='if(window[\"gf_submitting_1\"]){return false;}  if( !jQuery(\"#gform_1\")[0].checkValidity || jQuery(\"#gform_1\")[0].checkValidity()){window[\"gf_submitting_1\"]=true;}  ' onkeypress='if( event.keyCode == 13 ){ if(window[\"gf_submitting_1\"]){return false;} if( !jQuery(\"#gform_1\")[0].checkValidity || jQuery(\"#gform_1\")[0].checkValidity()){window[\"gf_submitting_1\"]=true;}  jQuery(\"#gform_1\").trigger(\"submit\",[true]); }' \/> <input type='hidden' name='gform_ajax' value='form_id=1&amp;title=1&amp;description=1&amp;tabindex=0&amp;theme=data-form-theme=&#039;gravity-theme&#039;' \/>\n            <input type='hidden' class='gform_hidden' name='is_submit_1' value='1' \/>\n            <input type='hidden' class='gform_hidden' name='gform_submit' value='1' \/>\n            \n            <input type='hidden' class='gform_hidden' name='gform_unique_id' value='' \/>\n            <input type='hidden' class='gform_hidden' name='state_1' value='WyJbXSIsIjYyYWRjMDQ0NmE3NmJmM2JjMzFlMjg1Nzc4MGNlNmI0Il0=' \/>\n            <input type='hidden' class='gform_hidden' name='gform_target_page_number_1' id='gform_target_page_number_1' value='0' \/>\n            <input type='hidden' class='gform_hidden' name='gform_source_page_number_1' id='gform_source_page_number_1' value='1' \/>\n            <input type='hidden' name='gform_field_values' value='' \/>\n            \n        <\/div>\n                        <\/form>\n                        <\/div>\n\t\t                <iframe style='display:none;width:0px;height:0px;' src='about:blank' name='gform_ajax_frame_1' id='gform_ajax_frame_1' title='This iframe contains the logic required to handle Ajax powered Gravity Forms.'><\/iframe>\n\t\t                <script type=\"text\/javascript\">\n\/* <![CDATA[ *\/\n gform.initializeOnLoaded( function() {gformInitSpinner( 1, 'https:\/\/timeapp.law\/wp-content\/plugins\/gravityforms\/images\/spinner.svg', true );jQuery('#gform_ajax_frame_1').on('load',function(){var contents = jQuery(this).contents().find('*').html();var is_postback = contents.indexOf('GF_AJAX_POSTBACK') >= 0;if(!is_postback){return;}var form_content = jQuery(this).contents().find('#gform_wrapper_1');var is_confirmation = jQuery(this).contents().find('#gform_confirmation_wrapper_1').length > 0;var is_redirect = contents.indexOf('gformRedirect(){') >= 0;var is_form = form_content.length > 0 && ! is_redirect && ! is_confirmation;var mt = parseInt(jQuery('html').css('margin-top'), 10) + parseInt(jQuery('body').css('margin-top'), 10) + 100;if(is_form){jQuery('#gform_wrapper_1').html(form_content.html());if(form_content.hasClass('gform_validation_error')){jQuery('#gform_wrapper_1').addClass('gform_validation_error');} else {jQuery('#gform_wrapper_1').removeClass('gform_validation_error');}setTimeout( function() { \/* delay the scroll by 50 milliseconds to fix a bug in chrome *\/ jQuery(document).scrollTop(jQuery('#gform_wrapper_1').offset().top - mt); }, 50 );if(window['gformInitDatepicker']) {gformInitDatepicker();}if(window['gformInitPriceFields']) {gformInitPriceFields();}var current_page = jQuery('#gform_source_page_number_1').val();gformInitSpinner( 1, 'https:\/\/timeapp.law\/wp-content\/plugins\/gravityforms\/images\/spinner.svg', true );jQuery(document).trigger('gform_page_loaded', [1, current_page]);window['gf_submitting_1'] = false;}else if(!is_redirect){var confirmation_content = jQuery(this).contents().find('.GF_AJAX_POSTBACK').html();if(!confirmation_content){confirmation_content = contents;}setTimeout(function(){jQuery('#gform_wrapper_1').replaceWith(confirmation_content);jQuery(document).scrollTop(jQuery('#gf_1').offset().top - mt);jQuery(document).trigger('gform_confirmation_loaded', [1]);window['gf_submitting_1'] = false;wp.a11y.speak(jQuery('#gform_confirmation_message_1').text());}, 50);}else{jQuery('#gform_1').append(contents);if(window['gformRedirect']) {gformRedirect();}}jQuery(document).trigger('gform_post_render', [1, current_page]);gform.utils.trigger({ event: 'gform\/postRender', native: false, data: { formId: 1, currentPage: current_page } });} );} ); \n\/* ]]> *\/\n<\/script>\n                    <\/div>\n                <\/div>\n            <\/div>\n    <\/div>\n<\/section>\n","protected":false},"excerpt":{"rendered":"","protected":false},"author":6,"featured_media":0,"parent":0,"menu_order":0,"comment_status":"closed","ping_status":"closed","template":"","meta":{"_acf_changed":false,"footnotes":""},"class_list":["post-5986","page","type-page","status-publish","hentry"],"acf":[],"_links":{"self":[{"href":"https:\/\/timeapp.law\/en\/wp-json\/wp\/v2\/pages\/5986","targetHints":{"allow":["GET"]}}],"collection":[{"href":"https:\/\/timeapp.law\/en\/wp-json\/wp\/v2\/pages"}],"about":[{"href":"https:\/\/timeapp.law\/en\/wp-json\/wp\/v2\/types\/page"}],"author":[{"embeddable":true,"href":"https:\/\/timeapp.law\/en\/wp-json\/wp\/v2\/users\/6"}],"replies":[{"embeddable":true,"href":"https:\/\/timeapp.law\/en\/wp-json\/wp\/v2\/comments?post=5986"}],"version-history":[{"count":1,"href":"https:\/\/timeapp.law\/en\/wp-json\/wp\/v2\/pages\/5986\/revisions"}],"predecessor-version":[{"id":5987,"href":"https:\/\/timeapp.law\/en\/wp-json\/wp\/v2\/pages\/5986\/revisions\/5987"}],"wp:attachment":[{"href":"https:\/\/timeapp.law\/en\/wp-json\/wp\/v2\/media?parent=5986"}],"curies":[{"name":"wp","href":"https:\/\/api.w.org\/{rel}","templated":true}]}}